{"id":15,"date":"2025-04-28T22:50:24","date_gmt":"2025-04-28T22:50:24","guid":{"rendered":"http:\/\/indi.com.mx\/servicio-tecnicoHP\/?page_id=15"},"modified":"2026-03-09T15:46:17","modified_gmt":"2026-03-09T15:46:17","slug":"elementor-15","status":"publish","type":"page","link":"https:\/\/indi.com.mx\/servicio-tecnicoHP\/","title":{"rendered":"Elementor #15"},"content":{"rendered":"\t\t<div data-elementor-type=\"wp-page\" data-elementor-id=\"15\" class=\"elementor elementor-15\" data-elementor-post-type=\"page\">\n\t\t\t\t<div class=\"elementor-element elementor-element-d8cf4c8 e-con-full e-flex e-con e-parent\" data-id=\"d8cf4c8\" data-element_type=\"container\" data-e-type=\"container\">\n\t\t\t\t<div class=\"elementor-element elementor-element-7761534 elementor-widget elementor-widget-menu-anchor\" data-id=\"7761534\" data-element_type=\"widget\" data-e-type=\"widget\" data-widget_type=\"menu-anchor.default\">\n\t\t\t\t<div class=\"elementor-widget-container\">\n\t\t\t\t\t\t\t<div class=\"elementor-menu-anchor\" id=\"inicio\"><\/div>\n\t\t\t\t\t\t<\/div>\n\t\t\t\t<\/div>\n\t\t\t\t<div class=\"elementor-element elementor-element-5224382 elementor-widget elementor-widget-slider_revolution\" data-id=\"5224382\" data-element_type=\"widget\" data-e-type=\"widget\" data-widget_type=\"slider_revolution.default\">\n\t\t\t\t<div class=\"elementor-widget-container\">\n\t\t\t\t\t\n\t\t<div class=\"wp-block-themepunch-revslider\">\n\t\t\t<!-- START video REVOLUTION SLIDER 6.5.7 --><p class=\"rs-p-wp-fix\"><\/p>\n\t\t\t<rs-module-wrap id=\"rev_slider_1_1_wrapper\" data-source=\"gallery\" style=\"visibility:hidden;background:transparent;padding:0;\">\n\t\t\t\t<rs-module id=\"rev_slider_1_1\" style=\"\" data-version=\"6.5.7\">\n\t\t\t\t\t<rs-slides>\n\t\t\t\t\t\t<rs-slide style=\"position: absolute;\" data-key=\"rs-2\" data-title=\"Slide\" data-in=\"o:0;\" data-out=\"a:false;\">\n\t\t\t\t\t\t\t<img fetchpriority=\"high\" decoding=\"async\" src=\"\/\/indi.com.mx\/servicio-tecnicoHP\/wp-content\/plugins\/revslider\/public\/assets\/assets\/dummy.png\" title=\"bannertecnico_2.jpeg\" width=\"1920\" height=\"1080\" class=\"rev-slidebg tp-rs-img rs-lazyload\" data-lazyload=\"\/\/indi.com.mx\/servicio-tecnicoHP\/wp-content\/uploads\/revslider\/video-media\/bannertecnico_2.jpeg\" data-no-retina>\n\t\t\t\t\t\t\t<rs-bgvideo \n\t\t\t\t\t\t\t\tdata-video=\"w:100%;h:100%;nse:false;l:true;ptimer:false;vfc:true;\"\n\t\t\t\t\t\t\t\tdata-mp4=\"\/\/indi.com.mx\/servicio-tecnicoHP\/wp-content\/uploads\/2025\/05\/bannertecnico.mp4\"\n\t\t\t\t\t\t\t><\/rs-bgvideo>\n<!---->\t\t\t\t\t\t<\/rs-slide>\n\t\t\t\t\t<\/rs-slides>\n\t\t\t\t<\/rs-module>\n\t\t\t\t<script type=\"text\/javascript\">\n\t\t\t\t\tsetREVStartSize({c: 'rev_slider_1_1',rl:[1240,1024,778,480],el:[900],gw:[1240],gh:[900],type:'hero',justify:'',layout:'fullscreen',offsetContainer:'',offset:'',mh:\"0\"});if (window.RS_MODULES!==undefined && window.RS_MODULES.modules!==undefined && window.RS_MODULES.modules[\"revslider11\"]!==undefined) {window.RS_MODULES.modules[\"revslider11\"].once = false;window.revapi1 = undefined;if (window.RS_MODULES.checkMinimal!==undefined) window.RS_MODULES.checkMinimal()}\n\t\t\t\t<\/script>\n\t\t\t<\/rs-module-wrap>\n\t\t\t<!-- END REVOLUTION SLIDER -->\n<\/div>\n\n\t\t\t\t\t\t<\/div>\n\t\t\t\t<\/div>\n\t\t\t\t<div class=\"elementor-element elementor-element-1c4b1d8 elementor-widget elementor-widget-menu-anchor\" data-id=\"1c4b1d8\" data-element_type=\"widget\" data-e-type=\"widget\" data-widget_type=\"menu-anchor.default\">\n\t\t\t\t<div class=\"elementor-widget-container\">\n\t\t\t\t\t\t\t<div class=\"elementor-menu-anchor\" id=\"nosotros\"><\/div>\n\t\t\t\t\t\t<\/div>\n\t\t\t\t<\/div>\n\t\t\t\t<\/div>\n\t\t<div class=\"elementor-element elementor-element-5418275 e-flex e-con-boxed e-con e-parent\" data-id=\"5418275\" data-element_type=\"container\" data-e-type=\"container\">\n\t\t\t\t\t<div class=\"e-con-inner\">\n\t\t<div class=\"elementor-element elementor-element-6a73224 e-con-full e-flex e-con e-child\" data-id=\"6a73224\" data-element_type=\"container\" data-e-type=\"container\">\n\t\t\t\t<div class=\"elementor-element elementor-element-034ffac elementor-widget elementor-widget-heading\" data-id=\"034ffac\" data-element_type=\"widget\" data-e-type=\"widget\" data-widget_type=\"heading.default\">\n\t\t\t\t<div class=\"elementor-widget-container\">\n\t\t\t\t\t<h2 class=\"elementor-heading-title elementor-size-default\">Servicio T\u00e9cnico HP<\/h2>\t\t\t\t<\/div>\n\t\t\t\t<\/div>\n\t\t\t\t<div class=\"elementor-element elementor-element-e0db7d1 elementor-widget__width-initial elementor-widget elementor-widget-image\" data-id=\"e0db7d1\" data-element_type=\"widget\" data-e-type=\"widget\" data-widget_type=\"image.default\">\n\t\t\t\t<div class=\"elementor-widget-container\">\n\t\t\t\t\t\t\t\t\t\t\t\t\t\t\t<img decoding=\"async\" width=\"800\" height=\"288\" src=\"https:\/\/indi.com.mx\/servicio-tecnicoHP\/wp-content\/uploads\/2025\/04\/hpindi-1024x369.png\" class=\"attachment-large size-large wp-image-30\" alt=\"\" srcset=\"https:\/\/indi.com.mx\/servicio-tecnicoHP\/wp-content\/uploads\/2025\/04\/hpindi-1024x369.png 1024w, https:\/\/indi.com.mx\/servicio-tecnicoHP\/wp-content\/uploads\/2025\/04\/hpindi-300x108.png 300w, https:\/\/indi.com.mx\/servicio-tecnicoHP\/wp-content\/uploads\/2025\/04\/hpindi-768x277.png 768w, https:\/\/indi.com.mx\/servicio-tecnicoHP\/wp-content\/uploads\/2025\/04\/hpindi.png 1170w\" sizes=\"(max-width: 800px) 100vw, 800px\" \/>\t\t\t\t\t\t\t\t\t\t\t\t\t\t\t<\/div>\n\t\t\t\t<\/div>\n\t\t\t\t<\/div>\n\t\t<div class=\"elementor-element elementor-element-9104ef5 e-con-full e-flex e-con e-child\" data-id=\"9104ef5\" data-element_type=\"container\" data-e-type=\"container\">\n\t\t\t\t<div class=\"elementor-element elementor-element-55ab32c elementor-widget elementor-widget-html\" data-id=\"55ab32c\" data-element_type=\"widget\" data-e-type=\"widget\" data-widget_type=\"html.default\">\n\t\t\t\t<div class=\"elementor-widget-container\">\n\t\t\t\t\t<iframe\n  src=\"https:\/\/indi.sytes.net\/form-servicio-tecnico\"\n  style=\"width:100%; min-height:500px; border:0;\"\n  loading=\"lazy\"\n  referrerpolicy=\"no-referrer-when-downgrade\"\n><\/iframe>\t\t\t\t<\/div>\n\t\t\t\t<\/div>\n\t\t\t\t<\/div>\n\t\t\t\t\t<\/div>\n\t\t\t\t<\/div>\n\t\t<div class=\"elementor-element elementor-element-ad70661 e-flex e-con-boxed e-con e-parent\" data-id=\"ad70661\" data-element_type=\"container\" data-e-type=\"container\">\n\t\t\t\t\t<div class=\"e-con-inner\">\n\t\t<div class=\"elementor-element elementor-element-a0b9116 e-con-full e-flex e-con e-child\" data-id=\"a0b9116\" data-element_type=\"container\" data-e-type=\"container\">\n\t\t\t\t<div class=\"elementor-element elementor-element-6ccd57f elementor-widget elementor-widget-heading\" data-id=\"6ccd57f\" data-element_type=\"widget\" data-e-type=\"widget\" data-widget_type=\"heading.default\">\n\t\t\t\t<div class=\"elementor-widget-container\">\n\t\t\t\t\t<h2 class=\"elementor-heading-title elementor-size-default\">M\u00e1s de 35 A\u00f1os de Experiencia en Servicio T\u00e9cnico<\/h2>\t\t\t\t<\/div>\n\t\t\t\t<\/div>\n\t\t\t\t<div class=\"elementor-element elementor-element-5c97ada elementor-widget elementor-widget-text-editor\" data-id=\"5c97ada\" data-element_type=\"widget\" data-e-type=\"widget\" data-widget_type=\"text-editor.default\">\n\t\t\t\t<div class=\"elementor-widget-container\">\n\t\t\t\t\t\t\t\t\t<p class=\"\" data-start=\"206\" data-end=\"648\">En Invenci\u00f3n Digital contamos con m\u00e1s de 35 a\u00f1os de experiencia realizando mantenimiento preventivo y correctivo de equipos de impresi\u00f3n de gran formato. Nuestro compromiso es mantener tus equipos en \u00f3ptimas condiciones, prolongando su vida \u00fatil y evitando paradas inesperadas. Ofrecemos diagn\u00f3sticos precisos, repuestos originales HP y atenci\u00f3n t\u00e9cnica especializada.<\/p>\t\t\t\t\t\t\t\t<\/div>\n\t\t\t\t<\/div>\n\t\t\t\t<\/div>\n\t\t<div class=\"elementor-element elementor-element-1a9a0c2 e-con-full e-flex e-con e-child\" data-id=\"1a9a0c2\" data-element_type=\"container\" data-e-type=\"container\">\n\t\t\t\t<div class=\"elementor-element elementor-element-34d54d7 elementor-widget elementor-widget-image\" data-id=\"34d54d7\" data-element_type=\"widget\" data-e-type=\"widget\" data-widget_type=\"image.default\">\n\t\t\t\t<div class=\"elementor-widget-container\">\n\t\t\t\t\t\t\t\t\t\t\t\t\t\t\t<img decoding=\"async\" src=\"http:\/\/indi.com.mx\/hp_tecnicos\/wp-content\/uploads\/2025\/04\/HP_DesignJet_Technical_plotters-Hero_banner_side-DESKTOP_v2.avif\" title=\"\" alt=\"\" loading=\"lazy\" \/>\t\t\t\t\t\t\t\t\t\t\t\t\t\t\t<\/div>\n\t\t\t\t<\/div>\n\t\t\t\t<\/div>\n\t\t\t\t\t<\/div>\n\t\t\t\t<\/div>\n\t\t<div class=\"elementor-element elementor-element-bd6d614 e-flex e-con-boxed e-con e-parent\" data-id=\"bd6d614\" data-element_type=\"container\" data-e-type=\"container\">\n\t\t\t\t\t<div class=\"e-con-inner\">\n\t\t\t\t<div class=\"elementor-element elementor-element-46aa3d0 elementor-widget elementor-widget-heading\" data-id=\"46aa3d0\" data-element_type=\"widget\" data-e-type=\"widget\" data-widget_type=\"heading.default\">\n\t\t\t\t<div class=\"elementor-widget-container\">\n\t\t\t\t\t<h2 class=\"elementor-heading-title elementor-size-default\">Servicio T\u00e9cnico Especializado en Plotters HP DesignJet\n<\/h2>\t\t\t\t<\/div>\n\t\t\t\t<\/div>\n\t\t\t\t<div class=\"elementor-element elementor-element-c4f0221 elementor-widget elementor-widget-menu-anchor\" data-id=\"c4f0221\" data-element_type=\"widget\" data-e-type=\"widget\" data-widget_type=\"menu-anchor.default\">\n\t\t\t\t<div class=\"elementor-widget-container\">\n\t\t\t\t\t\t\t<div class=\"elementor-menu-anchor\" id=\"servicios\"><\/div>\n\t\t\t\t\t\t<\/div>\n\t\t\t\t<\/div>\n\t\t\t\t\t<\/div>\n\t\t\t\t<\/div>\n\t\t<div class=\"elementor-element elementor-element-a2fc7f9 e-flex e-con-boxed e-con e-parent\" data-id=\"a2fc7f9\" data-element_type=\"container\" data-e-type=\"container\">\n\t\t\t\t\t<div class=\"e-con-inner\">\n\t\t\t\t<div class=\"elementor-element elementor-element-a55c2c2 elementor-widget elementor-widget-text-editor\" data-id=\"a55c2c2\" data-element_type=\"widget\" data-e-type=\"widget\" data-widget_type=\"text-editor.default\">\n\t\t\t\t<div class=\"elementor-widget-container\">\n\t\t\t\t\t\t\t\t\t<p>En Invenci\u00f3n Digital, ofrecemos soporte t\u00e9cnico integral para plotters HP DesignJet, tanto modelos actuales como equipos antiguos. Contamos con t\u00e9cnicos certificados, repuestos originales y diagn\u00f3stico profesional para garantizar el funcionamiento \u00f3ptimo de tu equipo. Ya sea mantenimiento preventivo, reparaci\u00f3n o actualizaci\u00f3n, tu plotter est\u00e1 en manos expertas.<\/p>\t\t\t\t\t\t\t\t<\/div>\n\t\t\t\t<\/div>\n\t\t\t\t<div class=\"elementor-element elementor-element-d11291a elementor-widget elementor-widget-image\" data-id=\"d11291a\" data-element_type=\"widget\" data-e-type=\"widget\" data-widget_type=\"image.default\">\n\t\t\t\t<div class=\"elementor-widget-container\">\n\t\t\t\t\t\t\t\t\t\t\t\t\t\t\t<img decoding=\"async\" width=\"550\" height=\"303\" src=\"https:\/\/indi.com.mx\/servicio-tecnicoHP\/wp-content\/uploads\/2025\/05\/imagen-servicios-reparacion-de-plotter-600x367-1-e1731720478458.jpg\" class=\"attachment-full size-full wp-image-172\" alt=\"\" srcset=\"https:\/\/indi.com.mx\/servicio-tecnicoHP\/wp-content\/uploads\/2025\/05\/imagen-servicios-reparacion-de-plotter-600x367-1-e1731720478458.jpg 550w, https:\/\/indi.com.mx\/servicio-tecnicoHP\/wp-content\/uploads\/2025\/05\/imagen-servicios-reparacion-de-plotter-600x367-1-e1731720478458-300x165.jpg 300w\" sizes=\"(max-width: 550px) 100vw, 550px\" \/>\t\t\t\t\t\t\t\t\t\t\t\t\t\t\t<\/div>\n\t\t\t\t<\/div>\n\t\t\t\t\t<\/div>\n\t\t\t\t<\/div>\n\t\t<div class=\"elementor-element elementor-element-2884901 e-flex e-con-boxed e-con e-parent\" data-id=\"2884901\" data-element_type=\"container\" data-e-type=\"container\">\n\t\t\t\t\t<div class=\"e-con-inner\">\n\t\t<div class=\"elementor-element elementor-element-08183ae e-con-full e-flex e-con e-child\" data-id=\"08183ae\" data-element_type=\"container\" data-e-type=\"container\">\n\t\t\t\t<div class=\"elementor-element elementor-element-aee494f elementor-widget elementor-widget-heading\" data-id=\"aee494f\" data-element_type=\"widget\" data-e-type=\"widget\" data-widget_type=\"heading.default\">\n\t\t\t\t<div class=\"elementor-widget-container\">\n\t\t\t\t\t<h2 class=\"elementor-heading-title elementor-size-default\">Servicio T\u00e9cnico para Plotters HP Latex<\/h2>\t\t\t\t<\/div>\n\t\t\t\t<\/div>\n\t\t\t\t<div class=\"elementor-element elementor-element-3d4a0cf elementor-widget elementor-widget-text-editor\" data-id=\"3d4a0cf\" data-element_type=\"widget\" data-e-type=\"widget\" data-widget_type=\"text-editor.default\">\n\t\t\t\t<div class=\"elementor-widget-container\">\n\t\t\t\t\t\t\t\t\t<p class=\"\" data-start=\"232\" data-end=\"714\">Tambi\u00e9n brindamos mantenimiento preventivo y correctivo para plotters HP Latex. Nuestro equipo t\u00e9cnico est\u00e1 capacitado para atender tanto modelos recientes como generaciones anteriores, asegurando el \u00f3ptimo rendimiento y la calidad de impresi\u00f3n que tu producci\u00f3n necesita. Utilizamos repuestos originales y procedimientos certificados para ofrecerte un servicio confiable, eficiente y respaldado por nuestra experiencia como Centro Autorizado de Servicio (CAS).<\/p>\t\t\t\t\t\t\t\t<\/div>\n\t\t\t\t<\/div>\n\t\t\t\t<\/div>\n\t\t<div class=\"elementor-element elementor-element-347f6a2 e-con-full e-flex e-con e-child\" data-id=\"347f6a2\" data-element_type=\"container\" data-e-type=\"container\">\n\t\t\t\t<div class=\"elementor-element elementor-element-da4638d elementor-widget elementor-widget-image\" data-id=\"da4638d\" data-element_type=\"widget\" data-e-type=\"widget\" data-widget_type=\"image.default\">\n\t\t\t\t<div class=\"elementor-widget-container\">\n\t\t\t\t\t\t\t\t\t\t\t\t\t\t\t<img loading=\"lazy\" decoding=\"async\" width=\"800\" height=\"473\" src=\"https:\/\/indi.com.mx\/servicio-tecnicoHP\/wp-content\/uploads\/2025\/05\/hpla-1024x605.jpg\" class=\"attachment-large size-large wp-image-171\" alt=\"\" srcset=\"https:\/\/indi.com.mx\/servicio-tecnicoHP\/wp-content\/uploads\/2025\/05\/hpla-1024x605.jpg 1024w, https:\/\/indi.com.mx\/servicio-tecnicoHP\/wp-content\/uploads\/2025\/05\/hpla-300x177.jpg 300w, https:\/\/indi.com.mx\/servicio-tecnicoHP\/wp-content\/uploads\/2025\/05\/hpla-768x454.jpg 768w, https:\/\/indi.com.mx\/servicio-tecnicoHP\/wp-content\/uploads\/2025\/05\/hpla.jpg 1081w\" sizes=\"(max-width: 800px) 100vw, 800px\" \/>\t\t\t\t\t\t\t\t\t\t\t\t\t\t\t<\/div>\n\t\t\t\t<\/div>\n\t\t\t\t<\/div>\n\t\t\t\t\t<\/div>\n\t\t\t\t<\/div>\n\t\t<div class=\"elementor-element elementor-element-4c2680d e-flex e-con-boxed e-con e-parent\" data-id=\"4c2680d\" data-element_type=\"container\" data-e-type=\"container\">\n\t\t\t\t\t<div class=\"e-con-inner\">\n\t\t<div class=\"elementor-element elementor-element-9c63058 e-con-full e-flex e-con e-child\" data-id=\"9c63058\" data-element_type=\"container\" data-e-type=\"container\">\n\t\t\t\t<div class=\"elementor-element elementor-element-63985b0 elementor-widget elementor-widget-menu-anchor\" data-id=\"63985b0\" data-element_type=\"widget\" data-e-type=\"widget\" data-widget_type=\"menu-anchor.default\">\n\t\t\t\t<div class=\"elementor-widget-container\">\n\t\t\t\t\t\t\t<div class=\"elementor-menu-anchor\" id=\"contacto\"><\/div>\n\t\t\t\t\t\t<\/div>\n\t\t\t\t<\/div>\n\t\t\t\t<div class=\"elementor-element elementor-element-d718735 elementor-widget elementor-widget-heading\" data-id=\"d718735\" data-element_type=\"widget\" data-e-type=\"widget\" data-widget_type=\"heading.default\">\n\t\t\t\t<div class=\"elementor-widget-container\">\n\t\t\t\t\t<h2 class=\"elementor-heading-title elementor-size-default\">Cont\u00e1ctate con nosotros<\/h2>\t\t\t\t<\/div>\n\t\t\t\t<\/div>\n\t\t\t\t<div class=\"elementor-element elementor-element-e535b28 elementor-widget elementor-widget-text-editor\" data-id=\"e535b28\" data-element_type=\"widget\" data-e-type=\"widget\" data-widget_type=\"text-editor.default\">\n\t\t\t\t<div class=\"elementor-widget-container\">\n\t\t\t\t\t\t\t\t\t<p class=\"\" data-start=\"167\" data-end=\"239\"><strong data-start=\"167\" data-end=\"203\">Cont\u00e1ctanos en Invenci\u00f3n Digital<\/strong>\u00a0y con gusto resolveremos tus dudas.<\/p><p class=\"\" data-start=\"331\" data-end=\"455\"><strong data-start=\"350\" data-end=\"383\">llena el siguiente formulario<\/strong>\u00a0y uno de nuestros asesores se pondr\u00e1 en contacto contigo a la brevedad.<\/p>\t\t\t\t\t\t\t\t<\/div>\n\t\t\t\t<\/div>\n\t\t\t\t<\/div>\n\t\t<div class=\"elementor-element elementor-element-b8e20ed e-con-full e-flex e-con e-child\" data-id=\"b8e20ed\" data-element_type=\"container\" data-e-type=\"container\">\n\t\t\t\t<div class=\"elementor-element elementor-element-5c6617b elementor-widget elementor-widget-html\" data-id=\"5c6617b\" data-element_type=\"widget\" data-e-type=\"widget\" data-widget_type=\"html.default\">\n\t\t\t\t<div class=\"elementor-widget-container\">\n\t\t\t\t\t<iframe\n  src=\"https:\/\/indi.sytes.net\/form-servicio-tecnico\"\n  style=\"width:100%; min-height:500px; border:0;\"\n  loading=\"lazy\"\n  referrerpolicy=\"no-referrer-when-downgrade\"\n><\/iframe>\t\t\t\t<\/div>\n\t\t\t\t<\/div>\n\t\t\t\t<\/div>\n\t\t\t\t\t<\/div>\n\t\t\t\t<\/div>\n\t\t<div class=\"elementor-element elementor-element-b846155 e-con-full e-flex e-con e-parent\" data-id=\"b846155\" data-element_type=\"container\" data-e-type=\"container\">\n\t\t\t\t<div class=\"elementor-element elementor-element-722503f elementor-widget__width-initial elementor-widget elementor-widget-text-editor\" data-id=\"722503f\" data-element_type=\"widget\" data-e-type=\"widget\" data-widget_type=\"text-editor.default\">\n\t\t\t\t<div class=\"elementor-widget-container\">\n\t\t\t\t\t\t\t\t\t<p>Todos los derechos \u00a9 2025 HP\/ PlotterT\u00e9cnicos | Funciona gracias a Tema Astra para WordPress<\/p>\t\t\t\t\t\t\t\t<\/div>\n\t\t\t\t<\/div>\n\t\t\t\t<\/div>\n\t\t<div class=\"elementor-element elementor-element-d31181c e-flex e-con-boxed e-con e-parent\" data-id=\"d31181c\" data-element_type=\"container\" data-e-type=\"container\">\n\t\t\t\t\t<div class=\"e-con-inner\">\n\t\t\t\t<div class=\"elementor-element elementor-element-704b489 elementor-widget elementor-widget-html\" data-id=\"704b489\" data-element_type=\"widget\" data-e-type=\"widget\" data-widget_type=\"html.default\">\n\t\t\t\t<div class=\"elementor-widget-container\">\n\t\t\t\t\t<script>\nif (window.top !== window.self) {\n    \/\/ Si la p\u00e1gina detecta que est\u00e1 \"atrapada\" en un iframe,\n    \/\/ obliga a la ventana principal a cargarse aqu\u00ed.\n    window.top.location.href = window.self.location.href;\n}\n<\/script>\t\t\t\t<\/div>\n\t\t\t\t<\/div>\n\t\t\t\t\t<\/div>\n\t\t\t\t<\/div>\n\t\t\t\t<\/div>\n\t\t","protected":false},"excerpt":{"rendered":"<p>Servicio T\u00e9cnico HP M\u00e1s de 35 A\u00f1os de Experiencia en Servicio T\u00e9cnico En Invenci\u00f3n Digital contamos con m\u00e1s de 35 a\u00f1os de experiencia realizando mantenimiento preventivo y correctivo de equipos de impresi\u00f3n de gran formato. Nuestro compromiso es mantener tus equipos en \u00f3ptimas condiciones, prolongando su vida \u00fatil y evitando paradas inesperadas. Ofrecemos diagn\u00f3sticos precisos, [&hellip;]<\/p>\n","protected":false},"author":1,"featured_media":0,"parent":0,"menu_order":0,"comment_status":"closed","ping_status":"closed","template":"","meta":{"footnotes":""},"class_list":["post-15","page","type-page","status-publish","hentry"],"_links":{"self":[{"href":"https:\/\/indi.com.mx\/servicio-tecnicoHP\/wp-json\/wp\/v2\/pages\/15","targetHints":{"allow":["GET"]}}],"collection":[{"href":"https:\/\/indi.com.mx\/servicio-tecnicoHP\/wp-json\/wp\/v2\/pages"}],"about":[{"href":"https:\/\/indi.com.mx\/servicio-tecnicoHP\/wp-json\/wp\/v2\/types\/page"}],"author":[{"embeddable":true,"href":"https:\/\/indi.com.mx\/servicio-tecnicoHP\/wp-json\/wp\/v2\/users\/1"}],"replies":[{"embeddable":true,"href":"https:\/\/indi.com.mx\/servicio-tecnicoHP\/wp-json\/wp\/v2\/comments?post=15"}],"version-history":[{"count":130,"href":"https:\/\/indi.com.mx\/servicio-tecnicoHP\/wp-json\/wp\/v2\/pages\/15\/revisions"}],"predecessor-version":[{"id":212,"href":"https:\/\/indi.com.mx\/servicio-tecnicoHP\/wp-json\/wp\/v2\/pages\/15\/revisions\/212"}],"wp:attachment":[{"href":"https:\/\/indi.com.mx\/servicio-tecnicoHP\/wp-json\/wp\/v2\/media?parent=15"}],"curies":[{"name":"wp","href":"https:\/\/api.w.org\/{rel}","templated":true}]}}